{"id":5553,"date":"2024-03-25T08:24:15","date_gmt":"2024-03-25T07:24:15","guid":{"rendered":"https:\/\/digibasics.ch\/italiano\/?page_id=5553"},"modified":"2024-03-26T09:47:39","modified_gmt":"2024-03-26T08:47:39","slug":"barrierefreiheit","status":"publish","type":"page","link":"https:\/\/digibasics.ch\/italiano\/barrierefreiheit\/","title":{"rendered":"Accessibilit\u00e0"},"content":{"rendered":"\n<div class=\"wp-block-digibasics-section dibabl-section dibabl-section--white\"><h2 class=\"dibabl-section__title \"><\/h2><div class=\"dibabl-section__content\">\n<p>L&#8217;accessibilit\u00e0 digitale \u00e8 spesso considerata una misura che interessa un piccolo gruppo di persone. In realt\u00e0, l&#8217;accessibilit\u00e0 aiuta moltissime persone, cos\u00ec come l&#8217;usabilit\u00e0. Nello sviluppo di digibasics ci siamo concentrati su entrambi gli aspetti, accessibilit\u00e0 e usabilit\u00e0 fin dall&#8217;inizio del progetto.<\/p>\n\n\n\n<p>Abbiamo adottato le seguenti misure per rendere digibasics il pi\u00f9 accessibile possibile:<\/p>\n\n\n\n<ul class=\"wp-block-list\">\n<li>Tutti i collaboratori di digibasics sono stati istruiti sulla progettazione accessibile dei contenuti. Inoltre, sono stati istituiti servizi di consulenza in cui \u00e8 possibile porre domande sull&#8217;accessibilit\u00e0.<\/li>\n\n\n\n<li>Per la realizzazione di digibasics \u00e8 stato scelto un sistema di gestione dei contenuti (WordPress) che consente un elevato livello di accessibilit\u00e0.<\/li>\n\n\n\n<li>Tutti i testi in digibasics sono stati etichettati e strutturati con fogli di stile (titoli, paragrafi, elenchi, ecc.).<\/li>\n\n\n\n<li>Tutti i contenuti sono stati controllati per verificare la presenza di righe vuote, che sono state rimosse.<\/li>\n\n\n\n<li>I contrasti dei caratteri, delle immagini, della grafica, ecc., sono stati controllati e aumentati se necessario.<\/li>\n\n\n\n<li>Le tabelle sono state dotate di intestazioni di riga e\/o colonna e, ove possibile, sono state evitate tabelle annidate.<\/li>\n\n\n\n<li>Nella maggior parte dei casi, le informazioni sono presentate attraverso diversi canali (visivi, testuali, sonori); ad esempio le illustrazioni complesse sono spiegate in una descrizione dettagliata dell&#8217;immagine (oltre al testo alternativo).<\/li>\n\n\n\n<li>I video prodotti appositamente per i digibasici sono stati dotati di sottotitoli e di audiodescrizione o di testi alternativi leggibili dai lettori di schermo.<\/li>\n\n\n\n<li>I moduli di contatto utilizzati sono stati implementati in maniera priva di barriere.<\/li>\n\n\n\n<li>La maggior parte dei contenuti pu\u00f2 essere utilizzata con la tastiera.<\/li>\n\n\n\n<li>Ove possibile, i documenti in formato PDF sono stati omessi. In alternativa, le informazioni pertinenti sono fornite in un formato accessibile.<\/li>\n<\/ul>\n\n\n\n<h2 class=\"wp-block-heading\">Eccezioni<\/h2>\n\n\n\n<p>Offrire accessibilit\u00e0 completa per tutti i gruppi di utenti \u00e8 una sfida. Alcune parti di digibasics non sono attualmente accessibili:<\/p>\n\n\n\n<ul class=\"wp-block-list\">\n<li>Alcuni documenti PDF non sono completamente accessibili.<\/li>\n\n\n\n<li>Alcuni video sono privi di descrizioni audio, sottotitoli o traduzioni in lingua dei segni.<\/li>\n\n\n\n<li>Alcuni giochi educativi non possono essere utilizzati con una tastiera o uno screen reader.<\/li>\n\n\n\n<li>Alcuni elementi interattivi visivi non possono essere utilizzati tramite tastiera o screen reader.<\/li>\n\n\n\n<li>Le risorse collegate di altri autori o organizzazioni spesso non sono accessibili.<\/li>\n<\/ul>\n\n\n\n<h2 class=\"wp-block-heading\">Funzionamento<\/h2>\n\n\n\n<p>I moduli digibasics contengono molti elementi interattivi. Alcuni di essi hanno funzioni che non si spiegano a prima vista. Oltre alle barriere &#8220;classiche&#8221;, anche le funzioni operative speciali possono rappresentare delle barriere. Ecco quindi alcuni suggerimenti su come utilizzarle:<\/p>\n\n\n\n<ol class=\"wp-block-list\" style=\"list-style-type:1\">\n<li>Uso del Drag&#8217;n Drop H5P: in questo elemento interattivo, i termini devono essere trascinati negli spazi vuoti. Tuttavia, i termini non devono necessariamente essere inseriti negli spazi vuoti con il mouse. In alternativa, \u00e8 possibile fare clic su uno dei termini indicati per evidenziarlo. \u00c8 quindi possibile fare clic su un qualsiasi campo e il termine precedentemente contrassegnato verr\u00e0 inserito in questo campo.<\/li>\n\n\n\n<li>Alcune illustrazioni sono cos\u00ec complesse che per esse sono state preparate descrizioni dettagliate. Di solito si trovano in unbox a fisarmonica sotto l&#8217;immagine corrispondente.<\/li>\n<\/ol>\n\n\n\n<h2 class=\"wp-block-heading\">Feedback e contatti<\/h2>\n\n\n\n<p>Se vi imbattete in un ostacolo in digibasics, vi preghiamo di segnalarlo utilizzando <a href=\"https:\/\/digibasics.ch\/italiano\/contatto\/\" target=\"_blank\" rel=\"noreferrer noopener\">il formulario di contatto<\/a>, indicando l&#8217;URL pertinente o il capitolo esatto, grazie.<\/p>\n<\/div><\/div>\n","protected":false},"excerpt":{"rendered":"","protected":false},"author":2,"featured_media":0,"parent":0,"menu_order":0,"comment_status":"closed","ping_status":"closed","template":"","meta":{"_acf_changed":false,"editor_notices":[],"footnotes":""},"class_list":["post-5553","page","type-page","status-publish","hentry"],"acf":[],"_links":{"self":[{"href":"https:\/\/digibasics.ch\/italiano\/wp-json\/wp\/v2\/pages\/5553","targetHints":{"allow":["GET"]}}],"collection":[{"href":"https:\/\/digibasics.ch\/italiano\/wp-json\/wp\/v2\/pages"}],"about":[{"href":"https:\/\/digibasics.ch\/italiano\/wp-json\/wp\/v2\/types\/page"}],"author":[{"embeddable":true,"href":"https:\/\/digibasics.ch\/italiano\/wp-json\/wp\/v2\/users\/2"}],"replies":[{"embeddable":true,"href":"https:\/\/digibasics.ch\/italiano\/wp-json\/wp\/v2\/comments?post=5553"}],"version-history":[{"count":5,"href":"https:\/\/digibasics.ch\/italiano\/wp-json\/wp\/v2\/pages\/5553\/revisions"}],"predecessor-version":[{"id":5574,"href":"https:\/\/digibasics.ch\/italiano\/wp-json\/wp\/v2\/pages\/5553\/revisions\/5574"}],"wp:attachment":[{"href":"https:\/\/digibasics.ch\/italiano\/wp-json\/wp\/v2\/media?parent=5553"}],"curies":[{"name":"wp","href":"https:\/\/api.w.org\/{rel}","templated":true}]}}