{"id":32,"date":"2022-06-11T18:57:59","date_gmt":"2022-06-11T16:57:59","guid":{"rendered":"https:\/\/pilot.digibasics.ch\/italiano\/?page_id=32"},"modified":"2024-09-02T09:36:52","modified_gmt":"2024-09-02T07:36:52","slug":"il-progetto","status":"publish","type":"page","link":"https:\/\/digibasics.ch\/italiano\/il-progetto\/","title":{"rendered":"Riguardo a digibasics"},"content":{"rendered":"\n<div class=\"wp-block-digibasics-section dibabl-section dibabl-section--white\"><h2 class=\"dibabl-section__title \"><\/h2><div class=\"dibabl-section__content\">\n<p>digibasics \u00e8 un programma di supporto per studentesse, studenti e insegnanti per approfondire le proprie competenze digitali in relazione ai propri studi e alla propria (futura) professione di insegnanti.<\/p>\n\n\n\n<p><\/p>\n<\/div><\/div>\n\n\n\n<div class=\"wp-block-digibasics-section dibabl-section dibabl-section--gray\"><h2 class=\"dibabl-section__title \">FAQ<\/h2><div class=\"dibabl-section__content\"><div class=\"wp-block-digibasics-accordion wp-block-digibasics-accordion\">\n    <details >\n        <summary>\n            <div class=\"dibabl-accordion__title\">\n                                <div>In che modo digibasics mi supporta come studente?<\/div>\n            <\/div>\n            <svg width=\"34px\" height=\"19px\" viewBox=\"0 0 34 19\" version=\"1.1\" xmlns=\"http:\/\/www.w3.org\/2000\/svg\" stroke=\"#000000\">\n                <g fill=\"none\" fill-rule=\"evenodd\">\n                    <g transform=\"translate(-313.000000, -25.000000)\" stroke-width=\"2\">\n                        <g transform=\"translate(313.776311, 26.466936)\">\n                            <polyline points=\"0 0.0831109091 15.9326891 16.0158 31.9484891 3.30195605e-18\"><\/polyline>\n                        <\/g>\n                    <\/g>\n                <\/g>\n            <\/svg>\n        <\/summary>\n        <section>\n            \n\n<p>digibasics ti permette di confrontarti con le tue competenze nella gestione del digitale. Nello studio e nella vita professionale quotidiana bisogna essere in grado di gestire i media digitali. Crei produzioni multimediali, utilizzi internet per ottenere informazioni e non raramente usi tools digitali per la cooperazione. Con digibasics potrai approfondire le tue competenze individualmente, sia perch\u00e9 il tuo\/la tua docente ti assegna questo incarico, sia perch\u00e9 qui, con il digitale, troverai le risposte alle tue domande per quanto riguarda il lavoro con il digitale e tornerai ripetutamente su digibasics. Inoltre avrai una panoramica dei temi centrali del piano di studio relativamente ai moduli media e informatica. Il digitale \u00e8 parte della nostra societ\u00e0 e di una formazione completa.<\/p>\n\n        <\/section>\n    <\/details>\n<\/div>\n\n<div class=\"wp-block-digibasics-accordion wp-block-digibasics-accordion\">\n    <details >\n        <summary>\n            <div class=\"dibabl-accordion__title\">\n                                <div>Come trovo il modulo di apprendimento adatto per me?<\/div>\n            <\/div>\n            <svg width=\"34px\" height=\"19px\" viewBox=\"0 0 34 19\" version=\"1.1\" xmlns=\"http:\/\/www.w3.org\/2000\/svg\" stroke=\"#000000\">\n                <g fill=\"none\" fill-rule=\"evenodd\">\n                    <g transform=\"translate(-313.000000, -25.000000)\" stroke-width=\"2\">\n                        <g transform=\"translate(313.776311, 26.466936)\">\n                            <polyline points=\"0 0.0831109091 15.9326891 16.0158 31.9484891 3.30195605e-18\"><\/polyline>\n                        <\/g>\n                    <\/g>\n                <\/g>\n            <\/svg>\n        <\/summary>\n        <section>\n            \n\n<p>Il digibot sulla<a rel=\"noreferrer noopener\" href=\"https:\/\/digibasics.ch\/italiano\/\" target=\"_blank\"> home page di digibasics <\/a>ti aiuter\u00e0. Ti guider\u00e0 attraverso un&#8217;autovalutazione della durata di circa dieci minuti, al termine della quale riceverai una raccomandazione per la scelta dei moduli di apprendimento pi\u00f9 adatti a voi e potrai iniziare subito con il modulo di apprendimento che pu\u00f2 servirti.<\/p>\n\n        <\/section>\n    <\/details>\n<\/div>\n\n<div class=\"wp-block-digibasics-accordion wp-block-digibasics-accordion\">\n    <details >\n        <summary>\n            <div class=\"dibabl-accordion__title\">\n                                <div>Come sono strutturati i moduli di apprendimento?<\/div>\n            <\/div>\n            <svg width=\"34px\" height=\"19px\" viewBox=\"0 0 34 19\" version=\"1.1\" xmlns=\"http:\/\/www.w3.org\/2000\/svg\" stroke=\"#000000\">\n                <g fill=\"none\" fill-rule=\"evenodd\">\n                    <g transform=\"translate(-313.000000, -25.000000)\" stroke-width=\"2\">\n                        <g transform=\"translate(313.776311, 26.466936)\">\n                            <polyline points=\"0 0.0831109091 15.9326891 16.0158 31.9484891 3.30195605e-18\"><\/polyline>\n                        <\/g>\n                    <\/g>\n                <\/g>\n            <\/svg>\n        <\/summary>\n        <section>\n            \n\n<p>Ogni modulo di apprendimento \u00e8 composto da uno o pi\u00f9 autotest, da compiti pratici e da risorse didattiche. Gli autotest interattivi vi aiutano a scoprire ci\u00f2 che ti serve. Con i compiti pratici si allenano le competenze in situazioni quotidiane e nelle risorse didattiche si trovano materiali per imparare e consolidare.<\/p>\n\n        <\/section>\n    <\/details>\n<\/div>\n\n<div class=\"wp-block-digibasics-accordion\">\n    <details >\n        <summary>\n            <div class=\"dibabl-accordion__title\">\n                                <div> Perch\u00e9 non ricevo alcuna conferma del corso dopo aver completato un modulo? <\/div>\n            <\/div>\n            <svg width=\"34px\" height=\"19px\" viewBox=\"0 0 34 19\" version=\"1.1\" xmlns=\"http:\/\/www.w3.org\/2000\/svg\" stroke=\"#000000\">\n                <g fill=\"none\" fill-rule=\"evenodd\">\n                    <g transform=\"translate(-313.000000, -25.000000)\" stroke-width=\"2\">\n                        <g transform=\"translate(313.776311, 26.466936)\">\n                            <polyline points=\"0 0.0831109091 15.9326891 16.0158 31.9484891 3.30195605e-18\"><\/polyline>\n                        <\/g>\n                    <\/g>\n                <\/g>\n            <\/svg>\n        <\/summary>\n        <section>\n            \n\n<p>I moduli di apprendimento sono strutturati come unit\u00e0 di autoapprendimento. Questo esclude un controllo centralizzato. Poniamo l&#8217;accento sulla responsabilit\u00e0 personale. Sarai tu stesso a giudicare se hai acquisito le competenze del modulo di apprendimento e se ti senti in grado di applicarle nella tua vita scolastica quotidiana. Se devi dimostrare le competenze, ad esempio per la direzione della scuola, ti consigliamo di orientarvi sui compiti pratici e di creare un prodotto corrispondente per il tuo team scolastico in consultazione con la direzione della scuola.<\/p>\n\n\n\n<p><strong>Ecco due esempi:<\/strong><\/p>\n\n\n\n<p>1 Dimostra le tue competenze in Excel creando una tabella di bilancio per la festa di fine anno della tuascuola e ampliandola con delle funzioni. (<a href=\"https:\/\/digibasics.ch\/italiano\/topics\/praxisaufgaben-tabelle-2\/\" target=\"_blank\" rel=\"noreferrer noopener\">Vedi compito pratico di Excel<\/a>)<\/p>\n\n\n\n<p>2 Per la prossima sessione di formazione interna del tuo team, prepara un breve discorso principale seguito da una discussione in cui indichi tre aree in cui il trattamento dei dati degli studenti meritevoli di protezione pu\u00f2 essere ottimizzato nella tua scuola.<\/p>\n\n        <\/section>\n    <\/details>\n<\/div>\n\n<div class=\"wp-block-digibasics-accordion wp-block-digibasics-accordion\">\n    <details >\n        <summary>\n            <div class=\"dibabl-accordion__title\">\n                                <div>Perch\u00e9 ho bisogno di un login?<\/div>\n            <\/div>\n            <svg width=\"34px\" height=\"19px\" viewBox=\"0 0 34 19\" version=\"1.1\" xmlns=\"http:\/\/www.w3.org\/2000\/svg\" stroke=\"#000000\">\n                <g fill=\"none\" fill-rule=\"evenodd\">\n                    <g transform=\"translate(-313.000000, -25.000000)\" stroke-width=\"2\">\n                        <g transform=\"translate(313.776311, 26.466936)\">\n                            <polyline points=\"0 0.0831109091 15.9326891 16.0158 31.9484891 3.30195605e-18\"><\/polyline>\n                        <\/g>\n                    <\/g>\n                <\/g>\n            <\/svg>\n        <\/summary>\n        <section>\n            \n\n<p>Tuttavia, ti consigliamo di effettuare il login. In questo modo \u00e8 possibile salvare i progressi dell&#8217;apprendimento e tornare in qualsiasi momento al punto in cui si \u00e8 interrotto.<\/p>\n\n        <\/section>\n    <\/details>\n<\/div>\n\n<div class=\"wp-block-digibasics-accordion\">\n    <details >\n        <summary>\n            <div class=\"dibabl-accordion__title\">\n                                <div>Come posso cercare un argomento specifico senza dover cliccare sul modulo di apprendimento?<\/div>\n            <\/div>\n            <svg width=\"34px\" height=\"19px\" viewBox=\"0 0 34 19\" version=\"1.1\" xmlns=\"http:\/\/www.w3.org\/2000\/svg\" stroke=\"#000000\">\n                <g fill=\"none\" fill-rule=\"evenodd\">\n                    <g transform=\"translate(-313.000000, -25.000000)\" stroke-width=\"2\">\n                        <g transform=\"translate(313.776311, 26.466936)\">\n                            <polyline points=\"0 0.0831109091 15.9326891 16.0158 31.9484891 3.30195605e-18\"><\/polyline>\n                        <\/g>\n                    <\/g>\n                <\/g>\n            <\/svg>\n        <\/summary>\n        <section>\n            \n\n<p>\u00c8 possibile utilizzare la funzione di ricerca &#8211; che si trova in alto a destra accanto al login &#8211; per cercare dei termini. I risultati della ricerca vi porteranno ai capitoli pertinenti.<\/p>\n\n        <\/section>\n    <\/details>\n<\/div>\n\n<div class=\"wp-block-digibasics-accordion wp-block-digibasics-accordion\">\n    <details >\n        <summary>\n            <div class=\"dibabl-accordion__title\">\n                                <div>Cosa intendete per \u00abcompetenze digitali\u00bb?<\/div>\n            <\/div>\n            <svg width=\"34px\" height=\"19px\" viewBox=\"0 0 34 19\" version=\"1.1\" xmlns=\"http:\/\/www.w3.org\/2000\/svg\" stroke=\"#000000\">\n                <g fill=\"none\" fill-rule=\"evenodd\">\n                    <g transform=\"translate(-313.000000, -25.000000)\" stroke-width=\"2\">\n                        <g transform=\"translate(313.776311, 26.466936)\">\n                            <polyline points=\"0 0.0831109091 15.9326891 16.0158 31.9484891 3.30195605e-18\"><\/polyline>\n                        <\/g>\n                    <\/g>\n                <\/g>\n            <\/svg>\n        <\/summary>\n        <section>\n            \n\n<p>digibasics utilizza il termine &#8220;competenze digitali&#8221; come termine collettivo che comprende le competenze di base nell&#8217;utilizzo di dispositivi digitali, software e Internet, nonch\u00e9 nell&#8217;ottenimento di informazioni e nella comunicazione online. Comprende la conoscenza di base dei media e delle tecnologie informatiche, nonch\u00e9 la gestione critica e responsabile di dati e informazioni.<\/p>\n\n\n\n<p>Per competenze digitali intendiamo le competenze di cui le persone hanno bisogno per partecipare alla nostra societ\u00e0 digitale, sia nel contesto della loro professione (in particolare come insegnanti), sia nei loro studi o nella loro vita privata. Le competenze digitali comprendono, da un lato, le competenze per l&#8217;utilizzo di dispositivi digitali come computer, smartphone, tablet, ma sempre pi\u00f9 spesso anche altri dispositivi periferici. Le competenze digitali comprendono l&#8217;uso di software per creare produzioni digitali come lavori scritti, presentazioni, grafica, video, siti web, l&#8217;uso di applicazioni web e la capacit\u00e0 di utilizzare in modo mirato strumenti di comunicazione digitale come e-mail, servizi di messaggistica, piattaforme di comunicazione e collaborazione interattiva e social media, nonch\u00e9 la capacit\u00e0 di cercare, elaborare, valutare criticamente e organizzare dati e informazioni.<\/p>\n\n\n\n<p>La vaghezza del termine poco utilizzato &#8220;competenza digitale&#8221; \u00e8 accettata per non ammorbidire termini consolidati (ad esempio, competenza mediatica, ecc.). Le competenze digitali sono soggette a continui cambiamenti, determinati dalle nuove tecnologie e dall&#8217;evoluzione dei modi di agire e dei contesti d&#8217;uso. Nel definire le competenze digitali, digibasics si fa guidare non solo dagli attuali cataloghi di competenze (ad esempio il <a href=\"https:\/\/joint-research-centre.ec.europa.eu\/digcomp\/digcomp-framework_en\" target=\"_blank\" rel=\"noreferrer noopener\">DigComp Framework dell&#8217;Unione Europea<\/a>), ma anche dalle esigenze delle universit\u00e0 partner per poterle utilizzare nei loro programmi di studio.<\/p>\n\n        <\/section>\n    <\/details>\n<\/div>\n\n<div class=\"wp-block-digibasics-accordion wp-block-digibasics-accordion\">\n    <details >\n        <summary>\n            <div class=\"dibabl-accordion__title\">\n                                <div>Esistono altri tools per testare le mie competenze?<\/div>\n            <\/div>\n            <svg width=\"34px\" height=\"19px\" viewBox=\"0 0 34 19\" version=\"1.1\" xmlns=\"http:\/\/www.w3.org\/2000\/svg\" stroke=\"#000000\">\n                <g fill=\"none\" fill-rule=\"evenodd\">\n                    <g transform=\"translate(-313.000000, -25.000000)\" stroke-width=\"2\">\n                        <g transform=\"translate(313.776311, 26.466936)\">\n                            <polyline points=\"0 0.0831109091 15.9326891 16.0158 31.9484891 3.30195605e-18\"><\/polyline>\n                        <\/g>\n                    <\/g>\n                <\/g>\n            <\/svg>\n        <\/summary>\n        <section>\n            \n\n<p>Il digibot consente di effettuare una breve valutazione con una raccomandazione su come utilizzare i moduli di apprendimento su digibasics.ch. Esiste una serie di autotest completi che possono essere utilizzati per verificare in modo pi\u00f9 approfondito le vostre competenze digitali. La durata varia da una a diverse ore. Ecco alcuni strumenti di altri fornitori:<\/p>\n\n\n\n<p><strong>MyDigiSkills<\/strong><br>Uno sviluppo di ALL DIGITAL del progetto DigCompSAT, del Centro comune di ricerca (CCR) della Commissione europea.<br><a href=\"https:\/\/mydigiskills.eu\/it\/index.php\" target=\"_blank\" rel=\"noreferrer noopener\">https:\/\/mydigiskills.eu<\/a><\/p>\n\n\n\n<p><strong>digi.check.at<br><\/strong>Sviluppato dal Centro nazionale di competenza eEducation Austria, per conto del Ministero federale austriaco dell&#8217;Istruzione, della Scienza e della Ricerca.<br><a href=\"https:\/\/digikomp.at\/die-initiative\/digicheck-wissen-koennen-zeigen\" target=\"_blank\" rel=\"noreferrer noopener\">https:\/\/digikomp.at\/die-initiative\/digicheck-wissen-koennen-zeigen<\/a><\/p>\n\n\n\n<p><strong>digitalcheck.nrw<br><\/strong>Il #DigitalCheckNRW \u00e8 un progetto del governo statale della Renania Settentrionale-Vestfalia (NRW). L&#8217;obiettivo \u00e8 quello di consentire la partecipazione digitale a tutti i cittadini.<br><a href=\"https:\/\/www.digitalcheck.nrw\" target=\"_blank\" rel=\"noreferrer noopener\">https:\/\/www.digitalcheck.nrw<\/a><\/p>\n\n\n\n<p><strong>SE:Mi-Tool <\/strong><br>Autovalutazione Media e informatica (in Tedesco)<br><a href=\"https:\/\/www.semifragebogen.ch\/\">https:\/\/www.semifragebogen.ch\/<\/a><\/p>\n\n\n\n<p><br><\/p>\n\n        <\/section>\n    <\/details>\n<\/div>\n\n<div class=\"wp-block-digibasics-accordion wp-block-digibasics-accordion\">\n    <details >\n        <summary>\n            <div class=\"dibabl-accordion__title\">\n                                <div>Chi finanzia digibasics?<\/div>\n            <\/div>\n            <svg width=\"34px\" height=\"19px\" viewBox=\"0 0 34 19\" version=\"1.1\" xmlns=\"http:\/\/www.w3.org\/2000\/svg\" stroke=\"#000000\">\n                <g fill=\"none\" fill-rule=\"evenodd\">\n                    <g transform=\"translate(-313.000000, -25.000000)\" stroke-width=\"2\">\n                        <g transform=\"translate(313.776311, 26.466936)\">\n                            <polyline points=\"0 0.0831109091 15.9326891 16.0158 31.9484891 3.30195605e-18\"><\/polyline>\n                        <\/g>\n                    <\/g>\n                <\/g>\n            <\/svg>\n        <\/summary>\n        <section>\n            \n\n<p>Chi finanzia digibasics? Digibasics viene finanziato per met\u00e0 con mezzi propri delle sei scuole universitarie partner e per met\u00e0 tramite sussidi vincolati a progetti da parte della Confederazione. Digibasics fa parte del programma \u00abSt\u00e4rkung von Digital Skills in der Lehre\u00bb (Rafforzamento delle competenze digitali nell\u2019insegnamento), guidato da swissuniversities.<\/p>\n\n\n\n<p>Link: <a href=\"http:\/\/www.swissuniversities.ch\/themen\/digitalisierung\/digital-skills\" data-type=\"URL\" data-id=\"www.swissuniversities.ch\/themen\/digitalisierung\/digital-skills\" target=\"_blank\" rel=\"noreferrer noopener\">www.swissuniversities.ch\/themen\/digitalisierung\/digital-skills<\/a><\/p>\n\n        <\/section>\n    <\/details>\n<\/div>\n\n<div class=\"wp-block-digibasics-accordion wp-block-digibasics-accordion\">\n    <details >\n        <summary>\n            <div class=\"dibabl-accordion__title\">\n                                <div>Chi sviluppa digibasics?<\/div>\n            <\/div>\n            <svg width=\"34px\" height=\"19px\" viewBox=\"0 0 34 19\" version=\"1.1\" xmlns=\"http:\/\/www.w3.org\/2000\/svg\" stroke=\"#000000\">\n                <g fill=\"none\" fill-rule=\"evenodd\">\n                    <g transform=\"translate(-313.000000, -25.000000)\" stroke-width=\"2\">\n                        <g transform=\"translate(313.776311, 26.466936)\">\n                            <polyline points=\"0 0.0831109091 15.9326891 16.0158 31.9484891 3.30195605e-18\"><\/polyline>\n                        <\/g>\n                    <\/g>\n                <\/g>\n            <\/svg>\n        <\/summary>\n        <section>\n            \n\n<p>Al progetto partecipano le seguenti scuole universitarie:<\/p>\n\n\n\n<ul class=\"wp-block-list\">\n<li>Scuola universitaria professionale a distanza (<a href=\"https:\/\/www.ffhs.ch\/de\/\" target=\"_blank\" rel=\"noreferrer noopener\">FFHS<\/a>)<\/li>\n\n\n\n<li>Scuola universitaria intercantonale di pedagogia curativa (<a href=\"https:\/\/www.hfh.ch\/\" target=\"_blank\" rel=\"noreferrer noopener\">HfH<\/a>)<\/li>\n\n\n\n<li>Alta scuola pedagogica dei Grigioni (<a href=\"https:\/\/phgr.ch\/\" target=\"_blank\" rel=\"noreferrer noopener\">PHGR<\/a>)<\/li>\n\n\n\n<li>Alta scuola pedagogica di Sciaffusa (<a href=\"https:\/\/www.phsh.ch\/\" target=\"_blank\" rel=\"noreferrer noopener\">PHSH<\/a>)<\/li>\n\n\n\n<li>Alta scuola pedagogica della Turgovia (<a href=\"https:\/\/www.phtg.ch\/\" target=\"_blank\" rel=\"noreferrer noopener\">PHTG<\/a>)<\/li>\n\n\n\n<li>Alta scuola pedagogica di Zurigo (<a href=\"https:\/\/phzh.ch\/de\/\" target=\"_blank\" rel=\"noreferrer noopener\">PHZH<\/a>)<\/li>\n\n\n\n<li>Scuola universitaria professionale della Svizzera italiana (<a href=\"https:\/\/www.supsi.ch\/home\/supsi.html\" target=\"_blank\" rel=\"noreferrer noopener\">SUPSI<\/a>)<\/li>\n<\/ul>\n\n        <\/section>\n    <\/details>\n<\/div>\n\n<div class=\"wp-block-digibasics-accordion\">\n    <details >\n        <summary>\n            <div class=\"dibabl-accordion__title\">\n                                <div> Come vengono concesse le licenze per i contenuti didattici? Cosa significa per me?<\/div>\n            <\/div>\n            <svg width=\"34px\" height=\"19px\" viewBox=\"0 0 34 19\" version=\"1.1\" xmlns=\"http:\/\/www.w3.org\/2000\/svg\" stroke=\"#000000\">\n                <g fill=\"none\" fill-rule=\"evenodd\">\n                    <g transform=\"translate(-313.000000, -25.000000)\" stroke-width=\"2\">\n                        <g transform=\"translate(313.776311, 26.466936)\">\n                            <polyline points=\"0 0.0831109091 15.9326891 16.0158 31.9484891 3.30195605e-18\"><\/polyline>\n                        <\/g>\n                    <\/g>\n                <\/g>\n            <\/svg>\n        <\/summary>\n        <section>\n            \n\n<p>Con la Licenza Creative Commons 4.0 BY-SA, sei libro di utilizzare, modificare e persino sfruttare commercialmente i materiali digibasics, a condizione che ne citi l&#8217;autore. Se modifichi o ti basi sul materiale, devi distribuire il tuo nuovo lavoro alle stesse condizioni. Per saperne di pi\u00f9 \u00e8 possibile consultare il seguente link: <a href=\"https:\/\/creativecommons.org\/licenses\/by-sa\/4.0\/deed.it\" target=\"_blank\" rel=\"noreferrer noopener\">Creative Commons Attribuzione-Condividi allo stesso modo 4.0 Internazionale<\/a> e <a href=\"https:\/\/digibasics.ch\/italiano\/protezione-dei-dati\/\" target=\"_blank\" rel=\"noreferrer noopener\">Informativa sulla privacy, sezione 1.5<\/a>.<\/p>\n\n        <\/section>\n    <\/details>\n<\/div>\n\n<div class=\"wp-block-digibasics-accordion wp-block-digibasics-accordion\">\n    <details >\n        <summary>\n            <div class=\"dibabl-accordion__title\">\n                                <div>Come posso dare un feedback alle autrici e agli autori di digibasics?<\/div>\n            <\/div>\n            <svg width=\"34px\" height=\"19px\" viewBox=\"0 0 34 19\" version=\"1.1\" xmlns=\"http:\/\/www.w3.org\/2000\/svg\" stroke=\"#000000\">\n                <g fill=\"none\" fill-rule=\"evenodd\">\n                    <g transform=\"translate(-313.000000, -25.000000)\" stroke-width=\"2\">\n                        <g transform=\"translate(313.776311, 26.466936)\">\n                            <polyline points=\"0 0.0831109091 15.9326891 16.0158 31.9484891 3.30195605e-18\"><\/polyline>\n                        <\/g>\n                    <\/g>\n                <\/g>\n            <\/svg>\n        <\/summary>\n        <section>\n            \n\n<p>Mandaci un messaggio attraverso la pagina: <a href=\"https:\/\/digibasics.ch\/italiano\/contatto\/\" data-type=\"URL\" data-id=\"https:\/\/digibasics.ch\/italiano\/contatto\/\">digibasics.ch\/contatto<\/a><\/p>\n\n        <\/section>\n    <\/details>\n<\/div>\n\n<div class=\"wp-block-digibasics-accordion wp-block-digibasics-accordion\">\n    <details >\n        <summary>\n            <div class=\"dibabl-accordion__title\">\n                                <div>Manca la tua domanda nella FAQ?<\/div>\n            <\/div>\n            <svg width=\"34px\" height=\"19px\" viewBox=\"0 0 34 19\" version=\"1.1\" xmlns=\"http:\/\/www.w3.org\/2000\/svg\" stroke=\"#000000\">\n                <g fill=\"none\" fill-rule=\"evenodd\">\n                    <g transform=\"translate(-313.000000, -25.000000)\" stroke-width=\"2\">\n                        <g transform=\"translate(313.776311, 26.466936)\">\n                            <polyline points=\"0 0.0831109091 15.9326891 16.0158 31.9484891 3.30195605e-18\"><\/polyline>\n                        <\/g>\n                    <\/g>\n                <\/g>\n            <\/svg>\n        <\/summary>\n        <section>\n            \n\n<p>Allora faccelo sapere. Scrivici la tua domanda su <a href=\"https:\/\/digibasics.ch\/italiano\/contatto\/\" data-type=\"URL\" data-id=\"https:\/\/digibasics.ch\/italiano\/contatto\/\">digibasics.ch\/contatto<\/a> e presto potrebbe essere inserita tra le nostre FAQ.<\/p>\n\n        <\/section>\n    <\/details>\n<\/div><\/div><\/div>\n","protected":false},"excerpt":{"rendered":"","protected":false},"author":1,"featured_media":0,"parent":0,"menu_order":0,"comment_status":"closed","ping_status":"closed","template":"","meta":{"_acf_changed":false,"editor_notices":[],"footnotes":""},"class_list":["post-32","page","type-page","status-publish","hentry"],"acf":[],"_links":{"self":[{"href":"https:\/\/digibasics.ch\/italiano\/wp-json\/wp\/v2\/pages\/32","targetHints":{"allow":["GET"]}}],"collection":[{"href":"https:\/\/digibasics.ch\/italiano\/wp-json\/wp\/v2\/pages"}],"about":[{"href":"https:\/\/digibasics.ch\/italiano\/wp-json\/wp\/v2\/types\/page"}],"author":[{"embeddable":true,"href":"https:\/\/digibasics.ch\/italiano\/wp-json\/wp\/v2\/users\/1"}],"replies":[{"embeddable":true,"href":"https:\/\/digibasics.ch\/italiano\/wp-json\/wp\/v2\/comments?post=32"}],"version-history":[{"count":16,"href":"https:\/\/digibasics.ch\/italiano\/wp-json\/wp\/v2\/pages\/32\/revisions"}],"predecessor-version":[{"id":10364,"href":"https:\/\/digibasics.ch\/italiano\/wp-json\/wp\/v2\/pages\/32\/revisions\/10364"}],"wp:attachment":[{"href":"https:\/\/digibasics.ch\/italiano\/wp-json\/wp\/v2\/media?parent=32"}],"curies":[{"name":"wp","href":"https:\/\/api.w.org\/{rel}","templated":true}]}}